{"id":10,"date":"2013-02-13T16:27:03","date_gmt":"2013-02-13T16:27:03","guid":{"rendered":"http:\/\/brugger.inf.br\/site\/?page_id=10"},"modified":"2014-05-29T12:39:07","modified_gmt":"2014-05-29T12:39:07","slug":"solucoes","status":"publish","type":"page","link":"https:\/\/brugger.com.br\/site\/?page_id=10","title":{"rendered":"Solu\u00e7\u00f5es"},"content":{"rendered":"<p>Ao conhecer a necessidade da institui\u00e7\u00e3o a Brugger &amp; Brugger Consultoria designa equipe composta por profissionais, em n\u00famero determinante a demanda, para implementar todo processo de solu\u00e7\u00e3o em Gest\u00e3o de Materiais e Suprimentos dominantes dos seguintes conceitos:<\/p>\n<p>\u2022 Interpreta\u00e7\u00e3o de desenhos t\u00e9cnicos;<br \/>\n\u2022 Inspe\u00e7\u00e3o t\u00e9cnica de recebimento de materiais;<br \/>\n\u2022 Processo Pack-list com elabora\u00e7\u00e3o dos planos de inspe\u00e7\u00e3o;<br \/>\n\u2022 Identifica\u00e7\u00e3o de sobressalentes e aplica\u00e7\u00e3o das ferramentas da qualidade;<br \/>\n\u2022 Qualifica\u00e7\u00e3o de fornecedores, aplica\u00e7\u00e3o de normas t\u00e9cnicas;<br \/>\n\u2022 An\u00e1lise e Padroniza\u00e7\u00e3o de materiais com identifica\u00e7\u00e3o e especifica\u00e7\u00e3o t\u00e9cnica;<br \/>\n\u2022 Cadastramento e elabora\u00e7\u00e3o de materiais de acordo com PDM (Padr\u00e3o Descritivo de Materiais)<br \/>\n\u2022 Otimiza\u00e7\u00e3o de estoques, follow-up de materiais, controle de estoque, ISO 9001:2000, TS 6949:2002, ISO 14001;<br \/>\n\u2022 Aloca\u00e7\u00e3o aos itens de suprimento ao seu respectivo c\u00f3digo NCM \u2013 classifica\u00e7\u00e3o fiscal (tabela TIPI \u2013 ferramenta Tecwim) e ao seu respectivo c\u00f3digo UNSPSC.<\/p>\n<p>Fornecemos solu\u00e7\u00f5es\u00a0em:<\/p>\n<p>\u2022 Identifica\u00e7\u00e3o de Materiais,<br \/>\n\u2022 Dom\u00ednio na \u00e1rea de sistemas informatizados de suprimentos, SAP\/R3 \u2013 m\u00f3dulo suprir; ORACLE \u2013 Primavera P6; MAGNUS; consultoria entre outros;<br \/>\n\u2022 Recebimentos de mat\u00e9rias,<br \/>\n\u2022 Controle, Comissionamento e Planejamento<br \/>\n\u2022 Interpreta\u00e7\u00e3o de desenhos t\u00e9cnicos;<br \/>\n\u2022 Inspe\u00e7\u00e3o t\u00e9cnica de recebimento de materiais;<br \/>\n\u2022 Processo Pack list com elabora\u00e7\u00e3o dos planos de inspe\u00e7\u00e3o;<br \/>\n\u2022 Identifica\u00e7\u00e3o de sobressalentes e aplica\u00e7\u00e3o das ferramentas da qualidade;<br \/>\n\u2022 Qualifica\u00e7\u00e3o de fornecedores, aplica\u00e7\u00e3o de normas t\u00e9cnicas;<br \/>\n\u2022 An\u00e1lise e Padroniza\u00e7\u00e3o de materiais com identifica\u00e7\u00e3o e especifica\u00e7\u00e3o t\u00e9cnica;<br \/>\n\u2022 Cadastramento e elabora\u00e7\u00e3o de materiais de acordo com PDM (Padr\u00e3o Descritivo de Materiais)<br \/>\n\u2022 Otimiza\u00e7\u00e3o de estoques, follow-up de materiais, controle de estoque, ISO 9001:2000, TS 6949:2002, ISO 14001;<br \/>\n\u2022 Aloca\u00e7\u00e3o aos itens de suprimento ao seu respectivo c\u00f3digo NCM \u2013 classifica\u00e7\u00e3o fiscal (tabela TIPI) ao seu respectivo c\u00f3digo UNSPSC.<\/p>\n<p>Toda Consultoria \u00e9 feita sobre uma rotina de Especifica\u00e7\u00e3o T\u00e9cnica e Cadastramento dos itens no sistema Sap, Oracle, etc. conforme PDM (Padr\u00e3o Descritivo de Materiais).<\/p>\n","protected":false},"excerpt":{"rendered":"<p>Ao conhecer a necessidade da institui\u00e7\u00e3o a Brugger &amp; Brugger Consultoria designa equipe composta por profissionais, em n\u00famero determinante a demanda, para implementar todo processo de solu\u00e7\u00e3o em Gest\u00e3o de<\/p>\n","protected":false},"author":1,"featured_media":0,"parent":0,"menu_order":0,"comment_status":"closed","ping_status":"open","template":"","meta":{"footnotes":""},"class_list":["post-10","page","type-page","status-publish","hentry"],"_links":{"self":[{"href":"https:\/\/brugger.com.br\/site\/index.php?rest_route=\/wp\/v2\/pages\/10","targetHints":{"allow":["GET"]}}],"collection":[{"href":"https:\/\/brugger.com.br\/site\/index.php?rest_route=\/wp\/v2\/pages"}],"about":[{"href":"https:\/\/brugger.com.br\/site\/index.php?rest_route=\/wp\/v2\/types\/page"}],"author":[{"embeddable":true,"href":"https:\/\/brugger.com.br\/site\/index.php?rest_route=\/wp\/v2\/users\/1"}],"replies":[{"embeddable":true,"href":"https:\/\/brugger.com.br\/site\/index.php?rest_route=%2Fwp%2Fv2%2Fcomments&post=10"}],"version-history":[{"count":3,"href":"https:\/\/brugger.com.br\/site\/index.php?rest_route=\/wp\/v2\/pages\/10\/revisions"}],"predecessor-version":[{"id":151,"href":"https:\/\/brugger.com.br\/site\/index.php?rest_route=\/wp\/v2\/pages\/10\/revisions\/151"}],"wp:attachment":[{"href":"https:\/\/brugger.com.br\/site\/index.php?rest_route=%2Fwp%2Fv2%2Fmedia&parent=10"}],"curies":[{"name":"wp","href":"https:\/\/api.w.org\/{rel}","templated":true}]}}