{"id":12,"date":"2013-02-13T16:27:41","date_gmt":"2013-02-13T16:27:41","guid":{"rendered":"http:\/\/brugger.inf.br\/site\/?page_id=12"},"modified":"2015-07-06T23:14:29","modified_gmt":"2015-07-06T23:14:29","slug":"ganhos","status":"publish","type":"page","link":"https:\/\/brugger.com.br\/site\/?page_id=12","title":{"rendered":"Ganhos"},"content":{"rendered":"<p>A padroniza\u00e7\u00e3o de materiais \u00e9 um conceito vital que pode resultar na redu\u00e7\u00e3o de custos e no aperfei\u00e7oamento do desempenho de uma organiza\u00e7\u00e3o de produ\u00e7\u00e3o, quando \u00e9 adequadamente entendida e executada. \u00c9 um conceito que deve estar contido na filosofia da empresa e em sua organiza\u00e7\u00e3o.<\/p>\n<p><a href=\"http:\/\/brugger.com.br\/site\/wp-content\/uploads\/2013\/02\/Evolucao.png\"><img loading=\"lazy\" decoding=\"async\" class=\"aligncenter wp-image-129 size-thumbnail\" src=\"http:\/\/brugger.com.br\/site\/wp-content\/uploads\/2013\/02\/Evolucao-150x150.png\" alt=\"Evolucao\" width=\"150\" height=\"150\" srcset=\"https:\/\/brugger.com.br\/site\/wp-content\/uploads\/2013\/02\/Evolucao-150x150.png 150w, https:\/\/brugger.com.br\/site\/wp-content\/uploads\/2013\/02\/Evolucao-300x298.png 300w, https:\/\/brugger.com.br\/site\/wp-content\/uploads\/2013\/02\/Evolucao-301x300.png 301w, https:\/\/brugger.com.br\/site\/wp-content\/uploads\/2013\/02\/Evolucao.png 550w\" sizes=\"auto, (max-width: 150px) 100vw, 150px\" \/><\/a><\/p>\n<p>Os ganhos podem ser muitos dentre eles podemos destacar:<\/p>\n<ul>\n<li>Redu\u00e7\u00e3o na quantidade de itens em estoque;<\/li>\n<li>Redu\u00e7\u00e3o do investimento em materiais em estoque;<\/li>\n<li>Redu\u00e7\u00e3o da quantidade de pontos de estocagem;<\/li>\n<li>Maior acerto no atendimento \u00e0s necessidades internas de materiais;<\/li>\n<li>Exatid\u00e3o de compra e fornecedor;<\/li>\n<li>Foco claro do melhor fornecedor.<\/li>\n<\/ul>\n","protected":false},"excerpt":{"rendered":"<p>A padroniza\u00e7\u00e3o de materiais \u00e9 um conceito vital que pode resultar na redu\u00e7\u00e3o de custos e no aperfei\u00e7oamento do desempenho de uma organiza\u00e7\u00e3o de produ\u00e7\u00e3o, quando \u00e9 adequadamente entendida e<\/p>\n","protected":false},"author":1,"featured_media":0,"parent":0,"menu_order":0,"comment_status":"closed","ping_status":"closed","template":"","meta":{"footnotes":""},"class_list":["post-12","page","type-page","status-publish","hentry"],"_links":{"self":[{"href":"https:\/\/brugger.com.br\/site\/index.php?rest_route=\/wp\/v2\/pages\/12","targetHints":{"allow":["GET"]}}],"collection":[{"href":"https:\/\/brugger.com.br\/site\/index.php?rest_route=\/wp\/v2\/pages"}],"about":[{"href":"https:\/\/brugger.com.br\/site\/index.php?rest_route=\/wp\/v2\/types\/page"}],"author":[{"embeddable":true,"href":"https:\/\/brugger.com.br\/site\/index.php?rest_route=\/wp\/v2\/users\/1"}],"replies":[{"embeddable":true,"href":"https:\/\/brugger.com.br\/site\/index.php?rest_route=%2Fwp%2Fv2%2Fcomments&post=12"}],"version-history":[{"count":5,"href":"https:\/\/brugger.com.br\/site\/index.php?rest_route=\/wp\/v2\/pages\/12\/revisions"}],"predecessor-version":[{"id":177,"href":"https:\/\/brugger.com.br\/site\/index.php?rest_route=\/wp\/v2\/pages\/12\/revisions\/177"}],"wp:attachment":[{"href":"https:\/\/brugger.com.br\/site\/index.php?rest_route=%2Fwp%2Fv2%2Fmedia&parent=12"}],"curies":[{"name":"wp","href":"https:\/\/api.w.org\/{rel}","templated":true}]}}