{"id":120,"date":"2014-05-27T17:20:10","date_gmt":"2014-05-27T17:20:10","guid":{"rendered":"http:\/\/brugger.inf.br\/site\/?page_id=120"},"modified":"2014-05-29T13:54:48","modified_gmt":"2014-05-29T13:54:48","slug":"expertise","status":"publish","type":"page","link":"https:\/\/brugger.com.br\/site\/?page_id=120","title":{"rendered":"Expertise"},"content":{"rendered":"<p>Ao conhecer a necessidade da empresa a Brugger &amp; Brugger Consultoria designa equipe composta por profissionais, em n\u00famero determinante a demanda com expertise em:<\/p>\n<ul>\n<li>Interpreta\u00e7\u00e3o de desenhos t\u00e9cnicos;<\/li>\n<li>Inspe\u00e7\u00e3o t\u00e9cnica de recebimento de materiais;<\/li>\n<li>Processo Pack-list com elabora\u00e7\u00e3o dos planos de inspe\u00e7\u00e3o;<\/li>\n<li>Identifica\u00e7\u00e3o de sobressalentes e aplica\u00e7\u00e3o das ferramentas da qualidade;<\/li>\n<li>Qualifica\u00e7\u00e3o de fornecedores, aplica\u00e7\u00e3o de normas t\u00e9cnicas;<\/li>\n<li>An\u00e1lise e Padroniza\u00e7\u00e3o de materiais com identifica\u00e7\u00e3o e especifica\u00e7\u00e3o t\u00e9cnica;<\/li>\n<li>Cadastramento e elabora\u00e7\u00e3o de materiais de acordo com PDM (Padr\u00e3o Descritivo de Materiais)<br \/>\nOtimiza\u00e7\u00e3o de estoques, follow-up de materiais, controle de estoque, ISO 9001:2000, TS 6949:2002, ISO 14001;<\/li>\n<li>Aloca\u00e7\u00e3o aos itens de suprimento ao seu respectivo c\u00f3digo NCM \u2013 classifica\u00e7\u00e3o fiscal (tabela TIPI \u2013 ferramenta Tecwim) e ao seu respectivo c\u00f3digo UNSPSC.<\/li>\n<\/ul>\n<hr \/>\n<h1>Cadastramento<\/h1>\n<p>A Brugger &amp; Brugger tem como realizar o cadastramento dos itens de seus clientes nos sistemas SAP, Oracle Aplications, EMS\/MAGNUS Datasul, dentre outros.<\/p>\n<p>O cadastramento segue r\u00edgidas normas internacionais e atende aos requisitos das normativas ISO. Garantindo assim maior qualidade nos servi\u00e7os.<\/p>\n<hr \/>\n<h1>Nacionaliza\u00e7\u00e3o<\/h1>\n<p>A Brugger &amp; Brugger realiza estudos de nacionaliza\u00e7\u00e3o de materiais, buscando no mercado nascional materiais similares aos designados pelos fabricantes, reduzindo assim o custo de reposi\u00e7\u00e3o e facilitando o ressuprimento, uma vez que o material passa a ser adquirido internamente.<\/p>\n<p>&nbsp;<\/p>\n","protected":false},"excerpt":{"rendered":"<p>Ao conhecer a necessidade da empresa a Brugger &amp; Brugger Consultoria designa equipe composta por profissionais, em n\u00famero determinante a demanda com expertise em: Interpreta\u00e7\u00e3o de desenhos t\u00e9cnicos; Inspe\u00e7\u00e3o t\u00e9cnica<\/p>\n","protected":false},"author":1,"featured_media":0,"parent":0,"menu_order":0,"comment_status":"closed","ping_status":"open","template":"","meta":{"footnotes":""},"class_list":["post-120","page","type-page","status-publish","hentry"],"_links":{"self":[{"href":"https:\/\/brugger.com.br\/site\/index.php?rest_route=\/wp\/v2\/pages\/120","targetHints":{"allow":["GET"]}}],"collection":[{"href":"https:\/\/brugger.com.br\/site\/index.php?rest_route=\/wp\/v2\/pages"}],"about":[{"href":"https:\/\/brugger.com.br\/site\/index.php?rest_route=\/wp\/v2\/types\/page"}],"author":[{"embeddable":true,"href":"https:\/\/brugger.com.br\/site\/index.php?rest_route=\/wp\/v2\/users\/1"}],"replies":[{"embeddable":true,"href":"https:\/\/brugger.com.br\/site\/index.php?rest_route=%2Fwp%2Fv2%2Fcomments&post=120"}],"version-history":[{"count":3,"href":"https:\/\/brugger.com.br\/site\/index.php?rest_route=\/wp\/v2\/pages\/120\/revisions"}],"predecessor-version":[{"id":167,"href":"https:\/\/brugger.com.br\/site\/index.php?rest_route=\/wp\/v2\/pages\/120\/revisions\/167"}],"wp:attachment":[{"href":"https:\/\/brugger.com.br\/site\/index.php?rest_route=%2Fwp%2Fv2%2Fmedia&parent=120"}],"curies":[{"name":"wp","href":"https:\/\/api.w.org\/{rel}","templated":true}]}}