{"id":131,"date":"2014-05-27T18:04:05","date_gmt":"2014-05-27T18:04:05","guid":{"rendered":"http:\/\/brugger.inf.br\/site\/?page_id=131"},"modified":"2014-05-28T18:46:47","modified_gmt":"2014-05-28T18:46:47","slug":"brugger-brugger","status":"publish","type":"page","link":"https:\/\/brugger.com.br\/site\/?page_id=131","title":{"rendered":"Brugger &#038; Brugger"},"content":{"rendered":"<p>Nossa consultoria trabalha com o desenvolvimento de solu\u00e7\u00f5es t\u00e9cnicas na \u00e1rea de Gest\u00e3o de Suprimentos, com foco na redu\u00e7\u00e3o de custo e otimiza\u00e7\u00e3o de capital imobilizado, trazendo mais agilidade na compra e no reposicionamento de materiais com controle de PDM (Padr\u00e3o Descritivo de Materiais) dentro das normas t\u00e9cnicas de padroniza\u00e7\u00e3o.<\/p>\n<p>Com forte atua\u00e7\u00e3o, desenvolvemos nossas\u00a0atividades nos seguimentos de Siderurgia, Minera\u00e7\u00e3o, Minerioduto, Ferrovias, Ind\u00fastrias t\u00eaxteis, Bebidas e Celulose, dentre outros grupos.<\/p>\n<p><a href=\"http:\/\/brugger.inf.br\/site\/wp-content\/uploads\/2014\/05\/Logo-Brugger-e-Brugger.png\"><img loading=\"lazy\" decoding=\"async\" class=\"aligncenter size-full wp-image-132\" src=\"http:\/\/brugger.inf.br\/site\/wp-content\/uploads\/2014\/05\/Logo-Brugger-e-Brugger.png\" alt=\"Logo Brugger e Brugger\" width=\"297\" height=\"225\" \/><\/a><\/p>\n<p>Conhe\u00e7a um pouco mais de nossos servi\u00e7os atrav\u00e9s deste nosso site e entre em contato para podermos ajudar sua empresa na redu\u00e7\u00e3o de custos e otimiza\u00e7\u00e3o dos\u00a0servi\u00e7os de suprimentos.<\/p>\n","protected":false},"excerpt":{"rendered":"<p>Nossa consultoria trabalha com o desenvolvimento de solu\u00e7\u00f5es t\u00e9cnicas na \u00e1rea de Gest\u00e3o de Suprimentos, com foco na redu\u00e7\u00e3o de custo e otimiza\u00e7\u00e3o de capital imobilizado, trazendo mais agilidade na<\/p>\n","protected":false},"author":1,"featured_media":0,"parent":0,"menu_order":0,"comment_status":"closed","ping_status":"open","template":"","meta":{"footnotes":""},"class_list":["post-131","page","type-page","status-publish","hentry"],"_links":{"self":[{"href":"https:\/\/brugger.com.br\/site\/index.php?rest_route=\/wp\/v2\/pages\/131","targetHints":{"allow":["GET"]}}],"collection":[{"href":"https:\/\/brugger.com.br\/site\/index.php?rest_route=\/wp\/v2\/pages"}],"about":[{"href":"https:\/\/brugger.com.br\/site\/index.php?rest_route=\/wp\/v2\/types\/page"}],"author":[{"embeddable":true,"href":"https:\/\/brugger.com.br\/site\/index.php?rest_route=\/wp\/v2\/users\/1"}],"replies":[{"embeddable":true,"href":"https:\/\/brugger.com.br\/site\/index.php?rest_route=%2Fwp%2Fv2%2Fcomments&post=131"}],"version-history":[{"count":3,"href":"https:\/\/brugger.com.br\/site\/index.php?rest_route=\/wp\/v2\/pages\/131\/revisions"}],"predecessor-version":[{"id":140,"href":"https:\/\/brugger.com.br\/site\/index.php?rest_route=\/wp\/v2\/pages\/131\/revisions\/140"}],"wp:attachment":[{"href":"https:\/\/brugger.com.br\/site\/index.php?rest_route=%2Fwp%2Fv2%2Fmedia&parent=131"}],"curies":[{"name":"wp","href":"https:\/\/api.w.org\/{rel}","templated":true}]}}