{"id":64,"date":"2014-05-27T15:17:19","date_gmt":"2014-05-27T15:17:19","guid":{"rendered":"http:\/\/brugger.inf.br\/site\/?page_id=64"},"modified":"2014-05-27T15:17:19","modified_gmt":"2014-05-27T15:17:19","slug":"missao-visao-e-valores","status":"publish","type":"page","link":"https:\/\/brugger.com.br\/site\/?page_id=64","title":{"rendered":"Miss\u00e3o, Vis\u00e3o e Valores"},"content":{"rendered":"<h1>Miss\u00e3o<\/h1>\n<p>Entender claramente as necessidades dos clientes e fornecer\u00a0 servi\u00e7os que atendam essas necessidades.<\/p>\n<h1>Vis\u00e3o<\/h1>\n<p>Ser uma empresa prestadora de servi\u00e7os de consultoria\u00a0 reconhecida pelo mercado, pelos clientes e pelos colaboradores como uma empresa s\u00f3lida, \u00e9tica, competente e que agrega valor ao neg\u00f3cio do cliente, contribuindo tamb\u00e9m para o crescimento individual de cada colaborador.<\/p>\n<h1>Valores<\/h1>\n<ul>\n<li>Preocupa\u00e7\u00e3o com as necessidades dos clientes;<\/li>\n<li>Empenho na aplica\u00e7\u00e3o da metodologia de trabalho da empresa com alta qualidade de servi\u00e7o;<\/li>\n<li>Preocupa\u00e7\u00e3o com a manuten\u00e7\u00e3o de um ambiente de trabalho que garanta o bem estar e o reconhecimento de todos.<\/li>\n<\/ul>\n","protected":false},"excerpt":{"rendered":"<p>Miss\u00e3o Entender claramente as necessidades dos clientes e fornecer\u00a0 servi\u00e7os que atendam essas necessidades. Vis\u00e3o Ser uma empresa prestadora de servi\u00e7os de consultoria\u00a0 reconhecida pelo mercado, pelos clientes e pelos<\/p>\n","protected":false},"author":1,"featured_media":0,"parent":0,"menu_order":0,"comment_status":"closed","ping_status":"open","template":"","meta":{"footnotes":""},"class_list":["post-64","page","type-page","status-publish","hentry"],"_links":{"self":[{"href":"https:\/\/brugger.com.br\/site\/index.php?rest_route=\/wp\/v2\/pages\/64","targetHints":{"allow":["GET"]}}],"collection":[{"href":"https:\/\/brugger.com.br\/site\/index.php?rest_route=\/wp\/v2\/pages"}],"about":[{"href":"https:\/\/brugger.com.br\/site\/index.php?rest_route=\/wp\/v2\/types\/page"}],"author":[{"embeddable":true,"href":"https:\/\/brugger.com.br\/site\/index.php?rest_route=\/wp\/v2\/users\/1"}],"replies":[{"embeddable":true,"href":"https:\/\/brugger.com.br\/site\/index.php?rest_route=%2Fwp%2Fv2%2Fcomments&post=64"}],"version-history":[{"count":1,"href":"https:\/\/brugger.com.br\/site\/index.php?rest_route=\/wp\/v2\/pages\/64\/revisions"}],"predecessor-version":[{"id":65,"href":"https:\/\/brugger.com.br\/site\/index.php?rest_route=\/wp\/v2\/pages\/64\/revisions\/65"}],"wp:attachment":[{"href":"https:\/\/brugger.com.br\/site\/index.php?rest_route=%2Fwp%2Fv2%2Fmedia&parent=64"}],"curies":[{"name":"wp","href":"https:\/\/api.w.org\/{rel}","templated":true}]}}