{"id":67,"date":"2014-05-27T15:19:02","date_gmt":"2014-05-27T15:19:02","guid":{"rendered":"http:\/\/brugger.inf.br\/site\/?page_id=67"},"modified":"2014-05-27T15:51:40","modified_gmt":"2014-05-27T15:51:40","slug":"atuacao","status":"publish","type":"page","link":"https:\/\/brugger.com.br\/site\/?page_id=67","title":{"rendered":"Atua\u00e7\u00e3o"},"content":{"rendered":"<p>Com forte atua\u00e7\u00e3o na \u00c1rea T\u00e9cnica de Suprimentos a Brugger &amp; Brugger Consultoria desenvolve suas atividades nos seguimentos de Siderurgia, Minera\u00e7\u00e3o, Mineroduto, Ferrovias, Ind\u00fastrias t\u00eaxteis, Bebidas e Celulose, dentre outros grupos.<\/p>\n<h1>Ganhos\u00a0Alcan\u00e7ados para Nossos Clientes<\/h1>\n<ul>\n<li>Redu\u00e7\u00e3o na quantidade de itens em estoque;<\/li>\n<li>Redu\u00e7\u00e3o do investimento em materiais em estoque;<\/li>\n<li>Redu\u00e7\u00e3o da quantidade de pontos de estocagem;<\/li>\n<li>Maior acerto no atendimento \u00e0s necessidades internas de materiais;<\/li>\n<li>Exatid\u00e3o de compra e fornecedor;<\/li>\n<li>Foco claro do melhor fornecedor.<\/li>\n<\/ul>\n<h1>Nossos Principais Servi\u00e7os<\/h1>\n<ul>\n<li>Invent\u00e1rio f\u00edsico;<\/li>\n<li>Identifica\u00e7\u00e3o de Materiais;<\/li>\n<li>Inspe\u00e7\u00e3o t\u00e9cnica de materiais;<\/li>\n<li>Invent\u00e1rio e expurgo de itens inserv\u00edveis;<\/li>\n<li>Processo Pack list;<\/li>\n<li>Identifica\u00e7\u00e3o e tratamento de itens sobressalentes;<\/li>\n<li>Classifica\u00e7\u00e3o, especifica\u00e7\u00e3o, padroniza\u00e7\u00e3o e cadastro de materiais de acordo com PDM (Padr\u00e3o Descritivo de Materiais);<\/li>\n<li>Valoriza\u00e7\u00e3o de itens inserv\u00edveis para gera\u00e7\u00e3o de base para vendas;<\/li>\n<li>Analise de valor para reuso de inserv\u00edveis;<\/li>\n<li>Otimiza\u00e7\u00e3o de estoques, follow-up de materiais, controle de estoque, em conformidade com as normas ISO 9001:2000, TS 6949:2002, ISO 14001;<\/li>\n<li>Elabora\u00e7\u00e3o de lista t\u00e9cnica;<\/li>\n<li>Aloca\u00e7\u00e3o aos itens de suprimento ao seu respectivo c\u00f3digo NCM;<\/li>\n<li>Qualifica\u00e7\u00e3o de fornecedores, aplica\u00e7\u00e3o de normas t\u00e9cnicas;<\/li>\n<li>Fornecimento de m\u00e3o de obra para trabalhos t\u00e9cnicos<\/li>\n<li>Desenvolvimento em <a title=\"Computa\u00e7\u00e3o Gr\u00e1fica\" href=\"http:\/\/brugger.inf.br\/site\/?page_id=94\">computa\u00e7\u00e3o gr\u00e1fica<\/a> com anima\u00e7\u00f5es em 3D.<\/li>\n<\/ul>\n","protected":false},"excerpt":{"rendered":"<p>Com forte atua\u00e7\u00e3o na \u00c1rea T\u00e9cnica de Suprimentos a Brugger &amp; Brugger Consultoria desenvolve suas atividades nos seguimentos de Siderurgia, Minera\u00e7\u00e3o, Mineroduto, Ferrovias, Ind\u00fastrias t\u00eaxteis, Bebidas e Celulose, dentre outros<\/p>\n","protected":false},"author":1,"featured_media":0,"parent":0,"menu_order":0,"comment_status":"closed","ping_status":"open","template":"","meta":{"footnotes":""},"class_list":["post-67","page","type-page","status-publish","hentry"],"_links":{"self":[{"href":"https:\/\/brugger.com.br\/site\/index.php?rest_route=\/wp\/v2\/pages\/67","targetHints":{"allow":["GET"]}}],"collection":[{"href":"https:\/\/brugger.com.br\/site\/index.php?rest_route=\/wp\/v2\/pages"}],"about":[{"href":"https:\/\/brugger.com.br\/site\/index.php?rest_route=\/wp\/v2\/types\/page"}],"author":[{"embeddable":true,"href":"https:\/\/brugger.com.br\/site\/index.php?rest_route=\/wp\/v2\/users\/1"}],"replies":[{"embeddable":true,"href":"https:\/\/brugger.com.br\/site\/index.php?rest_route=%2Fwp%2Fv2%2Fcomments&post=67"}],"version-history":[{"count":4,"href":"https:\/\/brugger.com.br\/site\/index.php?rest_route=\/wp\/v2\/pages\/67\/revisions"}],"predecessor-version":[{"id":73,"href":"https:\/\/brugger.com.br\/site\/index.php?rest_route=\/wp\/v2\/pages\/67\/revisions\/73"}],"wp:attachment":[{"href":"https:\/\/brugger.com.br\/site\/index.php?rest_route=%2Fwp%2Fv2%2Fmedia&parent=67"}],"curies":[{"name":"wp","href":"https:\/\/api.w.org\/{rel}","templated":true}]}}