{"id":86,"date":"2014-05-27T15:44:30","date_gmt":"2014-05-27T15:44:30","guid":{"rendered":"http:\/\/brugger.inf.br\/site\/?page_id=86"},"modified":"2015-07-06T23:16:59","modified_gmt":"2015-07-06T23:16:59","slug":"parceiros","status":"publish","type":"page","link":"https:\/\/brugger.com.br\/site\/?page_id=86","title":{"rendered":"Parceiros"},"content":{"rendered":"<p>De forma a oferecer sempre as melhores condi\u00e7\u00f5es de atua\u00e7\u00e3o, ofertando\u00a0o m\u00e1ximo de solu\u00e7\u00f5es para nossos clientes, desenvolvemos parcerias com fornecedores e empresas especialistas dentro da cadeia de suprimentos, organiza\u00e7\u00e3o e m\u00e9todos, seguran\u00e7a e outras. Conhe\u00e7a abaixo um pouco dos nossos parceiros;<\/p>\n<hr \/>\n<p>&nbsp;<\/p>\n<h1 style=\"text-align: center;\">CH Consultoria<\/h1>\n<p><a href=\"http:\/\/brugger.com.br\/site\/wp-content\/uploads\/2014\/05\/Logo-CH-Consultoria.jpg\"><img loading=\"lazy\" decoding=\"async\" class=\"aligncenter wp-image-87 size-full\" src=\"http:\/\/brugger.com.br\/site\/wp-content\/uploads\/2014\/05\/Logo-CH-Consultoria.jpg\" alt=\"Logo CH Consultoria\" width=\"200\" height=\"108\" \/><\/a><\/p>\n<p>&nbsp;<\/p>\n<p><span style=\"color: #515151;\">A CH Consultoria \u00e9 uma empresa brasileira, pioneira mundial no desenvolvimento de tecnologias e execu\u00e7\u00e3o de servi\u00e7os para gest\u00e3o de dados mestres (MDM &#8211; Master Data Management).<\/span><\/p>\n<p>Link:\u00a0<a title=\"http:\/\/www.chconsultoria.com.br\" href=\"http:\/\/www.chconsultoria.com.br\" target=\"_blank\">http:\/\/www.chconsultoria.com.br<\/a><\/p>\n<hr \/>\n<p>&nbsp;<\/p>\n<h1 style=\"text-align: center;\">Ferrari Associados<\/h1>\n<p><a href=\"http:\/\/brugger.com.br\/site\/wp-content\/uploads\/2014\/05\/Logo-Ferrari-Associados.jpg\"><img loading=\"lazy\" decoding=\"async\" class=\"aligncenter wp-image-88 size-medium\" src=\"http:\/\/brugger.com.br\/site\/wp-content\/uploads\/2014\/05\/Logo-Ferrari-Associados-199x300.jpg\" alt=\"Logo Ferrari Associados\" width=\"199\" height=\"300\" srcset=\"https:\/\/brugger.com.br\/site\/wp-content\/uploads\/2014\/05\/Logo-Ferrari-Associados-199x300.jpg 199w, https:\/\/brugger.com.br\/site\/wp-content\/uploads\/2014\/05\/Logo-Ferrari-Associados.jpg 475w\" sizes=\"auto, (max-width: 199px) 100vw, 199px\" \/><\/a><\/p>\n<p><span style=\"color: #000000;\">A Ferrari &amp; Associados nasceu, em janeiro de 1998, ap\u00f3s atuar por catorze anos em empresas internacionais de consultoria.\u00a0Oferecer ao mercado projetos de intelig\u00eancia de neg\u00f3cios, atrav\u00e9s da transforma\u00e7\u00e3o dos processos operacionais em meios de diferencia\u00e7\u00e3o competitiva.\u00a0Os projetos s\u00e3o fundamentados na aplicabilidade e simplicidade das solu\u00e7\u00f5es.<\/span><\/p>\n<p>Link:\u00a0<a title=\"http:\/\/www.ferrariassociados.com.br\" href=\"http:\/\/www.ferrariassociados.com.br\" target=\"_blank\">http:\/\/www.ferrariassociados.com.br<\/a><\/p>\n<hr \/>\n<p>&nbsp;<\/p>\n<h1 style=\"text-align: center;\">\u00a0VesaSeg<\/h1>\n<p><a href=\"http:\/\/brugger.com.br\/site\/wp-content\/uploads\/2014\/05\/vesaseg.png\"><img loading=\"lazy\" decoding=\"async\" class=\"aligncenter wp-image-111 size-medium\" src=\"http:\/\/brugger.com.br\/site\/wp-content\/uploads\/2014\/05\/vesaseg-300x150.png\" alt=\"Logo VESASEG\" width=\"300\" height=\"150\" srcset=\"https:\/\/brugger.com.br\/site\/wp-content\/uploads\/2014\/05\/vesaseg-300x150.png 300w, https:\/\/brugger.com.br\/site\/wp-content\/uploads\/2014\/05\/vesaseg-1024x512.png 1024w, https:\/\/brugger.com.br\/site\/wp-content\/uploads\/2014\/05\/vesaseg-500x250.png 500w, https:\/\/brugger.com.br\/site\/wp-content\/uploads\/2014\/05\/vesaseg.png 1200w\" sizes=\"auto, (max-width: 300px) 100vw, 300px\" \/><\/a><\/p>\n<p>Empresa que oferece o que h\u00e1 de mais atual nos aspectos legais, t\u00e9cnicos e normativos relacionados a toda demanda de Seguran\u00e7a do Trabalho, trabalhos de engenharia e m\u00e3o de obra em servi\u00e7os espec\u00edficos.<br \/>\nCom\u00a0equipes que garantem a melhoria das condi\u00e7\u00f5es ambientais e de produtividade. Realizando a\u00e7\u00f5es em Seguran\u00e7a do Trabalho, capacita\u00e7\u00e3o, seguran\u00e7a e emerg\u00eancias, seguindo o mais alto n\u00edvel de rigor t\u00e9cnico e preparo para a execu\u00e7\u00e3o dos servi\u00e7os.<br \/>\nFormada por profissionais com larga experi\u00eancia em empresas p\u00fablicas e privada. O que nos possibilita atendermos \u00e0s mais diversas demandas.<\/p>\n<p>Link: <a title=\"http:\/\/vesaseg.com.br\" href=\"http:\/\/vesaseg.com.br\" target=\"_blank\">www.vesaseg.com.br<\/a><\/p>\n","protected":false},"excerpt":{"rendered":"<p>De forma a oferecer sempre as melhores condi\u00e7\u00f5es de atua\u00e7\u00e3o, ofertando\u00a0o m\u00e1ximo de solu\u00e7\u00f5es para nossos clientes, desenvolvemos parcerias com fornecedores e empresas especialistas dentro da cadeia de suprimentos, organiza\u00e7\u00e3o<\/p>\n","protected":false},"author":1,"featured_media":0,"parent":0,"menu_order":0,"comment_status":"closed","ping_status":"open","template":"","meta":{"footnotes":""},"class_list":["post-86","page","type-page","status-publish","hentry"],"_links":{"self":[{"href":"https:\/\/brugger.com.br\/site\/index.php?rest_route=\/wp\/v2\/pages\/86","targetHints":{"allow":["GET"]}}],"collection":[{"href":"https:\/\/brugger.com.br\/site\/index.php?rest_route=\/wp\/v2\/pages"}],"about":[{"href":"https:\/\/brugger.com.br\/site\/index.php?rest_route=\/wp\/v2\/types\/page"}],"author":[{"embeddable":true,"href":"https:\/\/brugger.com.br\/site\/index.php?rest_route=\/wp\/v2\/users\/1"}],"replies":[{"embeddable":true,"href":"https:\/\/brugger.com.br\/site\/index.php?rest_route=%2Fwp%2Fv2%2Fcomments&post=86"}],"version-history":[{"count":6,"href":"https:\/\/brugger.com.br\/site\/index.php?rest_route=\/wp\/v2\/pages\/86\/revisions"}],"predecessor-version":[{"id":179,"href":"https:\/\/brugger.com.br\/site\/index.php?rest_route=\/wp\/v2\/pages\/86\/revisions\/179"}],"wp:attachment":[{"href":"https:\/\/brugger.com.br\/site\/index.php?rest_route=%2Fwp%2Fv2%2Fmedia&parent=86"}],"curies":[{"name":"wp","href":"https:\/\/api.w.org\/{rel}","templated":true}]}}