{"id":94,"date":"2014-05-27T15:50:23","date_gmt":"2014-05-27T15:50:23","guid":{"rendered":"http:\/\/brugger.inf.br\/site\/?page_id=94"},"modified":"2015-07-06T23:13:18","modified_gmt":"2015-07-06T23:13:18","slug":"computacao-grafica","status":"publish","type":"page","link":"https:\/\/brugger.com.br\/site\/?page_id=94","title":{"rendered":"Computa\u00e7\u00e3o Gr\u00e1fica"},"content":{"rendered":"<p>A Brugger Consultoria oferece o desenvolvimento de anima\u00e7\u00f5es e imagens em computa\u00e7\u00e3o gr\u00e1fica 3D com intuito de enriquecer e exemplificar demandas\u00a0 institucionais ou publicit\u00e1rias\u00a0 nos seguintes fins:<\/p>\n<ul>\n<li>Pr\u00e9-visualiza\u00e7\u00e3o\u00a0 3D em maquete eletr\u00f4nica de novas estruturas industriais;<\/li>\n<li>Anima\u00e7\u00e3o 3D de equipamentos ou reconstru\u00e7\u00e3o de situa\u00e7\u00f5es e eventos;<\/li>\n<li>Imagens ou v\u00eddeos com fins publicit\u00e1rios, treinamentos\u00a0 ou institucionais.<\/li>\n<\/ul>\n<p><a href=\"http:\/\/brugger.com.br\/site\/wp-content\/uploads\/2014\/05\/Anima01.png\"><img loading=\"lazy\" decoding=\"async\" class=\"aligncenter wp-image-104 size-full\" src=\"http:\/\/brugger.com.br\/site\/wp-content\/uploads\/2014\/05\/Anima01.png\" alt=\"Anima01\" width=\"289\" height=\"395\" srcset=\"https:\/\/brugger.com.br\/site\/wp-content\/uploads\/2014\/05\/Anima01.png 289w, https:\/\/brugger.com.br\/site\/wp-content\/uploads\/2014\/05\/Anima01-219x300.png 219w\" sizes=\"auto, (max-width: 289px) 100vw, 289px\" \/><\/a><a href=\"http:\/\/brugger.com.br\/site\/wp-content\/uploads\/2014\/05\/Anima04.png\"><img loading=\"lazy\" decoding=\"async\" class=\"aligncenter wp-image-105 size-full\" src=\"http:\/\/brugger.com.br\/site\/wp-content\/uploads\/2014\/05\/Anima04.png\" alt=\"Anima04\" width=\"296\" height=\"393\" srcset=\"https:\/\/brugger.com.br\/site\/wp-content\/uploads\/2014\/05\/Anima04.png 296w, https:\/\/brugger.com.br\/site\/wp-content\/uploads\/2014\/05\/Anima04-225x300.png 225w\" sizes=\"auto, (max-width: 296px) 100vw, 296px\" \/><\/a><\/p>\n","protected":false},"excerpt":{"rendered":"<p>A Brugger Consultoria oferece o desenvolvimento de anima\u00e7\u00f5es e imagens em computa\u00e7\u00e3o gr\u00e1fica 3D com intuito de enriquecer e exemplificar demandas\u00a0 institucionais ou publicit\u00e1rias\u00a0 nos seguintes fins: Pr\u00e9-visualiza\u00e7\u00e3o\u00a0 3D em<\/p>\n","protected":false},"author":1,"featured_media":0,"parent":0,"menu_order":0,"comment_status":"closed","ping_status":"open","template":"","meta":{"footnotes":""},"class_list":["post-94","page","type-page","status-publish","hentry"],"_links":{"self":[{"href":"https:\/\/brugger.com.br\/site\/index.php?rest_route=\/wp\/v2\/pages\/94","targetHints":{"allow":["GET"]}}],"collection":[{"href":"https:\/\/brugger.com.br\/site\/index.php?rest_route=\/wp\/v2\/pages"}],"about":[{"href":"https:\/\/brugger.com.br\/site\/index.php?rest_route=\/wp\/v2\/types\/page"}],"author":[{"embeddable":true,"href":"https:\/\/brugger.com.br\/site\/index.php?rest_route=\/wp\/v2\/users\/1"}],"replies":[{"embeddable":true,"href":"https:\/\/brugger.com.br\/site\/index.php?rest_route=%2Fwp%2Fv2%2Fcomments&post=94"}],"version-history":[{"count":4,"href":"https:\/\/brugger.com.br\/site\/index.php?rest_route=\/wp\/v2\/pages\/94\/revisions"}],"predecessor-version":[{"id":175,"href":"https:\/\/brugger.com.br\/site\/index.php?rest_route=\/wp\/v2\/pages\/94\/revisions\/175"}],"wp:attachment":[{"href":"https:\/\/brugger.com.br\/site\/index.php?rest_route=%2Fwp%2Fv2%2Fmedia&parent=94"}],"curies":[{"name":"wp","href":"https:\/\/api.w.org\/{rel}","templated":true}]}}